{"id":486,"date":"2022-08-29T11:23:41","date_gmt":"2022-08-29T09:23:41","guid":{"rendered":"https:\/\/bridgingblackfreedomstruggles.uni-muenster.de\/?page_id=486"},"modified":"2025-12-11T12:09:03","modified_gmt":"2025-12-11T10:09:03","slug":"dominik-gautier","status":"publish","type":"page","link":"https:\/\/bridgingblackfreedomstruggles.com\/?page_id=486","title":{"rendered":"Dominik Gautier"},"content":{"rendered":"<div class=\"wp-block-image\">\n<figure class=\"aligncenter size-large is-resized\"><img loading=\"lazy\" decoding=\"async\" width=\"1024\" height=\"1024\" src=\"https:\/\/bridgingblackfreedomstruggles.com\/wp-content\/uploads\/2022\/08\/11zon_cropped-3-1024x1024.png\" alt=\"\" class=\"wp-image-150\" style=\"width:249px;height:249px\" srcset=\"https:\/\/bridgingblackfreedomstruggles.com\/wp-content\/uploads\/2022\/08\/11zon_cropped-3-1024x1024.png 1024w, https:\/\/bridgingblackfreedomstruggles.com\/wp-content\/uploads\/2022\/08\/11zon_cropped-3-300x300.png 300w, https:\/\/bridgingblackfreedomstruggles.com\/wp-content\/uploads\/2022\/08\/11zon_cropped-3-150x150.png 150w, https:\/\/bridgingblackfreedomstruggles.com\/wp-content\/uploads\/2022\/08\/11zon_cropped-3-768x768.png 768w, https:\/\/bridgingblackfreedomstruggles.com\/wp-content\/uploads\/2022\/08\/11zon_cropped-3-1200x1200.png 1200w, https:\/\/bridgingblackfreedomstruggles.com\/wp-content\/uploads\/2022\/08\/11zon_cropped-3.png 1329w\" sizes=\"auto, (max-width: 1024px) 100vw, 1024px\" \/><\/figure>\n<\/div>\n\n\n<p>Dominik Gautier, Dr. phil., teaches at the Institute for Protestant Theology and Religious Education at the Carl von Ossietzky University Oldenburg. For the latest information, please visit: <a href=\"https:\/\/uol.de\/theologie\/gautier\">https:\/\/uol.de\/theologie\/gautier<\/a><\/p>\n\n\n\n<p><strong>Network-related publications include<\/strong>:<\/p>\n\n\n\n<p>Rassismus\/Rassismuskritik (dogmatisch), in: Onlinelexikon Systematische Theologie (SysLex),&nbsp;<a href=\"https:\/\/doi.org\/10.15496\/publikation-107466\" target=\"_blank\" rel=\"noreferrer noopener\">https:\/\/doi.org\/10.15496\/publikation-107466<\/a><\/p>\n\n\n\n<p>Israeltheologische Sch\u00f6pfungslehre. \u00d6kologisch-theologische Reflexionen&nbsp;im Anschluss an Willie James Jennings, in: Kirchliche&nbsp;Zeitgeschichte. Internationale Zeitschrift f\u00fcr Theologie und Geschichtswissenschaft 1&nbsp;(2024), 55\u201467.<\/p>\n\n\n\n<p>Die Ambivalenz des Realismus. Reinhold Niebuhrs theologische Ethik in rassismuskritischer Perspektive&nbsp;(Christentum und Kultur 18), Z\u00fcrich 2022<\/p>\n\n\n\n<p>Politische&nbsp;Theologie der Trauer. Das Problem der Unbetrauerbarkeit in US-amerikanischen Kreuzestheologien, in: Mikkel Gabriel Christoffersen\/Dennis Dietz\/Lisanne Teuchert (Hg.), Verletzt f\u00fchlen. Systematisch-theologische Perspektiven auf den Zusammenhang von Verletzung und Emotion, T\u00fcbingen 2022, 207\u2014217.<\/p>\n\n\n\n<p>Review: Peter Eisenstadt, Against the Hounds of Hell. A Life of Howard Thurman, University of Virginia Press: Charlottesville 2021, in: Journal of Southern History 1 (2022), 184\u2014185.<\/p>\n\n\n\n<p>Black Theology&nbsp;and the Question of Hope.&nbsp;A Transnational Dialogue between James H. Cone&nbsp;and J\u00fcrgen Moltmann, in:&nbsp;Kirchliche Zeitgeschichte. Internationale Zeitschrift f\u00fcr Theologie und Geschichtswissenschaft 1&nbsp;(2020), 112\u2014119.<\/p>\n\n\n\n<p>Walter Rauschenbusch&#8217;s Theology of the Cross. A Postcolonial Reflection, in:&nbsp;William H. Brackney\/ David P. Gushee (Hg.), In the Shadow of a Prophet. The Legacy of Walter Rauschenbusch, Atlanta 2020, 177\u2014189.<\/p>\n\n\n\n<p>\u00bbAls Besch\u00e4mte stehen wir da\u00ab. Christologische \u00dcberlegungen zur Scham \u2014 mit Karl Barth und James H. Cone, in: Ulrike Link-Wieczorek (Hg.), Verstrickt in Schuld, gefangen von Scham? Neue Perspektiven auf S\u00fcnde, Erl\u00f6sung und Vers\u00f6hnung, Neukirchen-Vluyn 2015, 127\u2014136.<\/p>\n\n\n\n<p>\u00bbThe Cross and the Lynching Tree\u00ab. Die Kreuzestheologie James H. Cones, in: \u00d6kumenische Rundschau&nbsp;2 (2015), 198\u2014206.<\/p>\n\n\n\n<div class=\"wp-block-buttons is-content-justification-center is-layout-flex wp-container-core-buttons-is-layout-16018d1d wp-block-buttons-is-layout-flex\">\n<div class=\"wp-block-button is-style-outline is-style-outline--1\"><a class=\"wp-block-button__link has-text-color has-background wp-element-button\" href=\"https:\/\/bridgingblackfreedomstruggles.com\/?page_id=426\" style=\"border-radius:100px;color:#4a453b;background-color:#e3bf2dad\" target=\"_blank\" rel=\"noreferrer noopener\">See Project<\/a><\/div>\n<\/div>\n","protected":false},"excerpt":{"rendered":"<p>Dominik Gautier, Dr. phil., teaches at the Institute for Protestant Theology and Religious Education at the Carl von Ossietzky University Oldenburg. For the latest information, please visit: https:\/\/uol.de\/theologie\/gautier Network-related publications include: Rassismus\/Rassismuskritik (dogmatisch), in: Onlinelexikon Systematische Theologie (SysLex),&nbsp;https:\/\/doi.org\/10.15496\/publikation-107466 Israeltheologische Sch\u00f6pfungslehre. \u00d6kologisch-theologische Reflexionen&nbsp;im Anschluss an Willie James Jennings, in: Kirchliche&nbsp;Zeitgeschichte. Internationale Zeitschrift f\u00fcr Theologie und Geschichtswissenschaft [&hellip;]<\/p>\n","protected":false},"author":3,"featured_media":0,"parent":49,"menu_order":0,"comment_status":"closed","ping_status":"closed","template":"","meta":{"inline_featured_image":false,"footnotes":""},"class_list":["post-486","page","type-page","status-publish","hentry"],"_links":{"self":[{"href":"https:\/\/bridgingblackfreedomstruggles.com\/index.php?rest_route=\/wp\/v2\/pages\/486","targetHints":{"allow":["GET"]}}],"collection":[{"href":"https:\/\/bridgingblackfreedomstruggles.com\/index.php?rest_route=\/wp\/v2\/pages"}],"about":[{"href":"https:\/\/bridgingblackfreedomstruggles.com\/index.php?rest_route=\/wp\/v2\/types\/page"}],"author":[{"embeddable":true,"href":"https:\/\/bridgingblackfreedomstruggles.com\/index.php?rest_route=\/wp\/v2\/users\/3"}],"replies":[{"embeddable":true,"href":"https:\/\/bridgingblackfreedomstruggles.com\/index.php?rest_route=%2Fwp%2Fv2%2Fcomments&post=486"}],"version-history":[{"count":7,"href":"https:\/\/bridgingblackfreedomstruggles.com\/index.php?rest_route=\/wp\/v2\/pages\/486\/revisions"}],"predecessor-version":[{"id":1164,"href":"https:\/\/bridgingblackfreedomstruggles.com\/index.php?rest_route=\/wp\/v2\/pages\/486\/revisions\/1164"}],"up":[{"embeddable":true,"href":"https:\/\/bridgingblackfreedomstruggles.com\/index.php?rest_route=\/wp\/v2\/pages\/49"}],"wp:attachment":[{"href":"https:\/\/bridgingblackfreedomstruggles.com\/index.php?rest_route=%2Fwp%2Fv2%2Fmedia&parent=486"}],"curies":[{"name":"wp","href":"https:\/\/api.w.org\/{rel}","templated":true}]}}